{"id":658882,"date":"2025-09-22T00:43:02","date_gmt":"2025-09-22T00:43:02","guid":{"rendered":"https:\/\/conseil.pixfort.com\/trust\/?page_id=658882"},"modified":"2026-04-17T10:37:50","modified_gmt":"2026-04-17T08:37:50","slug":"404-2","status":"publish","type":"page","link":"https:\/\/autonoms-balears.com\/es\/404-2\/","title":{"rendered":"404 Page"},"content":{"rendered":"\t\t<div data-elementor-type=\"wp-page\" data-elementor-id=\"658882\" class=\"elementor elementor-658882\">\n\t\t\t\t<div class=\"elementor-element elementor-element-291b1ee e-flex e-con-boxed e-con e-parent\" data-id=\"291b1ee\" data-element_type=\"container\" data-e-type=\"container\" data-settings=\"{&quot;background_background&quot;:&quot;slideshow&quot;,&quot;background_slideshow_gallery&quot;:[{&quot;id&quot;:658666,&quot;url&quot;:&quot;https:\\\/\\\/conseil.pixfort.com\\\/trust\\\/wp-content\\\/uploads\\\/sites\\\/4\\\/2025\\\/09\\\/bg-image-5.webp&quot;},{&quot;id&quot;:658664,&quot;url&quot;:&quot;https:\\\/\\\/conseil.pixfort.com\\\/trust\\\/wp-content\\\/uploads\\\/sites\\\/4\\\/2025\\\/09\\\/bg-image-3.webp&quot;}],&quot;background_slideshow_slide_duration&quot;:4000,&quot;background_slideshow_ken_burns&quot;:&quot;yes&quot;,&quot;pix_scale_in&quot;:&quot;none&quot;,&quot;background_slideshow_loop&quot;:&quot;yes&quot;,&quot;background_slideshow_slide_transition&quot;:&quot;fade&quot;,&quot;background_slideshow_transition_duration&quot;:500,&quot;background_slideshow_ken_burns_zoom_direction&quot;:&quot;in&quot;}\">\n\t\t\t\t\t<div class=\"e-con-inner\">\n\t\t<div class=\"elementor-element elementor-element-4c9ca4e e-con-full e-flex e-con e-child\" data-id=\"4c9ca4e\" data-element_type=\"container\" data-e-type=\"container\" data-settings=\"{&quot;pix_scale_in&quot;:&quot;none&quot;}\">\n\t\t\t\t<div class=\"elementor-element elementor-element-eba71b1 elementor-widget__width-inherit elementor-invisible elementor-widget elementor-widget-pix-text\" data-id=\"eba71b1\" data-element_type=\"widget\" data-e-type=\"widget\" data-widget_type=\"pix-text.default\">\n\t\t\t\t<div class=\"elementor-widget-container\">\n\t\t\t\t\t<div class=\"pix-el-text w-100 text-left \" ><p class=\"text-sm resp-option text-light-opacity-7 text-left font-weight-bold secondary-font\" ><span class=\"text-light-opacity-7 animate-in d-inline-block\" data-anim-delay=\"0\" data-anim-type=\"fade-in\">OOPS! 404 ERROR<\/span><\/p><\/div>\t\t\t\t<\/div>\n\t\t\t\t<\/div>\n\t\t\t\t<div class=\"elementor-element elementor-element-11b4d96 elementor-widget elementor-widget-pix-sliding-text\" data-id=\"11b4d96\" data-element_type=\"widget\" data-e-type=\"widget\" data-widget_type=\"pix-sliding-text.default\">\n\t\t\t\t<div class=\"elementor-widget-container\">\n\t\t\t\t\t<div id=\"el-11b4d96\" class=\"mb-3 text-left \"><h1 class=\"mb-32 pix-sliding-headline-2 animate-in font-weight-bold secondary-font display-2 \" data-anim-type=\"pix-sliding-text\" data-class=\"secondary-font text-white\" style=\"\"><span class=\"slide-in-container \"><span class=\"pix-sliding-item secondary-font text-white\" style=\"transition-delay: 0ms;\">Error&#32;<\/span><\/span> <span class=\"slide-in-container \"><span class=\"pix-sliding-item secondary-font text-white\" style=\"transition-delay: 75ms;\">404&#32;<\/span><\/span> <\/h1><\/div>\t\t\t\t<\/div>\n\t\t\t\t<\/div>\n\t\t\t\t<\/div>\n\t\t\t\t\t<\/div>\n\t\t\t\t<\/div>\n\t\t<div class=\"elementor-element elementor-element-4ed115f pix_section_contact e-flex e-con-boxed e-con e-parent\" data-id=\"4ed115f\" data-element_type=\"container\" data-e-type=\"container\" data-settings=\"{&quot;pix_scale_in&quot;:&quot;none&quot;}\">\n\t\t\t\t\t<div class=\"e-con-inner\">\n\t\t<div class=\"sticky-top pix-sticky-top-adjust elementor-element elementor-element-7b5f18c e-con-full e-flex e-con e-child\" data-id=\"7b5f18c\" data-element_type=\"container\" data-e-type=\"container\" data-settings=\"{&quot;pix_scale_in&quot;:&quot;none&quot;}\">\n\t\t\t\t<div class=\"elementor-element elementor-element-4ffcff8 elementor-widget elementor-widget-pix-button\" data-id=\"4ffcff8\" data-element_type=\"widget\" data-e-type=\"widget\" data-widget_type=\"pix-button.default\">\n\t\t\t\t<div class=\"elementor-widget-container\">\n\t\t\t\t\t<a  href=\"https:\/\/autonoms-balears.com\/es\/\" class=\"btn m-0      text-heading-default btn-link text-gray-1 d-inline-flex align-items-center pix-hover-item  no-padding   secondary-font  btn-lg\"     ><svg class=\"pixfort-icon font-weight-bold  pix-hover-left  mr-2\" width=\"24\" height=\"24\"  data-name=\"Solid\/pixfort-icon-arrow-left-1\" viewBox=\"2 2 20 20\"><g  stroke=\"none\" stroke-width=\"var(--pf-icon-stroke-width)\" fill=\"none\" fill-rule=\"evenodd\"><path d=\"M13.7071068,5.29289322 L19.7071068,11.2928932 C19.7355731,11.3213595 19.7623312,11.3515341 19.787214,11.3832499 L19.7071068,11.2928932 C19.7425008,11.3282873 19.774687,11.3656744 19.8036654,11.4046934 C19.8215099,11.4288693 19.8382813,11.453725 19.8539326,11.4793398 C19.8613931,11.4913869 19.8685012,11.5036056 19.8753288,11.5159379 C19.8862061,11.5357061 19.8966234,11.5561086 19.9063462,11.5769009 C19.914321,11.5939015 19.9218036,11.6112044 19.9287745,11.628664 C19.9366843,11.6484208 19.9438775,11.6682023 19.9504533,11.6882636 C19.9552713,11.7031487 19.9599023,11.7185367 19.9641549,11.734007 C19.9701664,11.7555635 19.9753602,11.7772539 19.9798348,11.7992059 C19.9832978,11.8166247 19.9863719,11.834051 19.9889822,11.8515331 C19.9920328,11.8714753 19.9944666,11.892114 19.9962623,11.912935 C19.9978436,11.9317345 19.9989053,11.9497336 19.9994829,11.9677454 C19.9998183,11.9777892 20,11.9888734 20,12 L19.9994506,12.0332468 C19.9988772,12.050591 19.997855,12.0679231 19.996384,12.0852242 L20,12 C20,12.0506203 19.9962388,12.1003621 19.9889807,12.1489612 C19.9863719,12.165949 19.9832978,12.1833753 19.9797599,12.2007258 C19.9753602,12.2227461 19.9701664,12.2444365 19.964279,12.2658396 C19.9599023,12.2814633 19.9552713,12.2968513 19.9502619,12.3121425 C19.9438775,12.3317977 19.9366843,12.3515792 19.928896,12.3710585 C19.9218036,12.3887956 19.914321,12.4060985 19.9063266,12.4232215 C19.8966234,12.4438914 19.8862061,12.4642939 19.8751242,12.484277 C19.8685012,12.4963944 19.8613931,12.5086131 19.8540045,12.5207088 C19.8382813,12.546275 19.8215099,12.5711307 19.8036865,12.5951593 C19.7982466,12.602603 19.7927155,12.6098424 19.7870723,12.6170223 C19.7849289,12.6196628 19.7826279,12.6225624 19.7803112,12.625449 L19.7071068,12.7071068 L13.7071068,18.7071068 C13.3165825,19.0976311 12.6834175,19.0976311 12.2928932,18.7071068 C11.9023689,18.3165825 11.9023689,17.6834175 12.2928932,17.2928932 L16.585,13 L5,13 C4.44771525,13 4,12.5522847 4,12 C4,11.4477153 4.44771525,11 5,11 L16.585,11 L12.2928932,6.70710678 C11.9023689,6.31658249 11.9023689,5.68341751 12.2928932,5.29289322 C12.6834175,4.90236893 13.3165825,4.90236893 13.7071068,5.29289322 Z\"  fill=\"var(--pf-icon-color)\" transform=\"translate(12.000000, 12.000000) scale(-1, 1) translate(-12.000000, -12.000000) \"><\/path><\/g><\/svg><span class=\"font-weight-bold \" >Volver al inicio<\/span><\/a>\t\t\t\t<\/div>\n\t\t\t\t<\/div>\n\t\t\t\t<\/div>\n\t\t<div class=\"elementor-element elementor-element-37a0cd7 e-con-full e-flex e-con e-child\" data-id=\"37a0cd7\" data-element_type=\"container\" data-e-type=\"container\" data-settings=\"{&quot;pix_scale_in&quot;:&quot;none&quot;}\">\n\t\t\t\t<div class=\"elementor-element elementor-element-377dc71 elementor-widget elementor-widget-pix-sliding-text\" data-id=\"377dc71\" data-element_type=\"widget\" data-e-type=\"widget\" data-widget_type=\"pix-sliding-text.default\">\n\t\t\t\t<div class=\"elementor-widget-container\">\n\t\t\t\t\t<div id=\"el-377dc71\" class=\"mb-3 text-left \"><h2 class=\"mb-32 pix-sliding-headline-2 animate-in font-weight-bold secondary-font \" data-anim-type=\"pix-sliding-text\" data-class=\"secondary-font text-heading-default\" style=\"\"><span class=\"slide-in-container \"><span class=\"pix-sliding-item secondary-font text-heading-default\" style=\"transition-delay: 0ms;transition-duration: 500ms;\">P\u00e1gina&#32;<\/span><\/span> <span class=\"slide-in-container \"><span class=\"pix-sliding-item secondary-font text-heading-default\" style=\"transition-delay: 50ms;transition-duration: 500ms;\">no&#32;<\/span><\/span> <span class=\"slide-in-container \"><span class=\"pix-sliding-item secondary-font text-heading-default\" style=\"transition-delay: 100ms;transition-duration: 500ms;\">encontrada&#32;<\/span><\/span> <\/h2><\/div>\t\t\t\t<\/div>\n\t\t\t\t<\/div>\n\t\t\t\t<div class=\"elementor-element elementor-element-cde236e elementor-widget elementor-widget-pix-text\" data-id=\"cde236e\" data-element_type=\"widget\" data-e-type=\"widget\" data-widget_type=\"pix-text.default\">\n\t\t\t\t<div class=\"elementor-widget-container\">\n\t\t\t\t\t<div class=\"pix-el-text w-100 text-left \" ><div class=\"d-inline-block\" style=\"max-width:100%;\"><p class=\" resp-option text-body-default text-left \" >Lo sentimos, la p\u00e1gina que est\u00e1s buscando no est\u00e1 disponible, ha sido movida o la direcci\u00f3n introducida no es correcta.\n\nTe invitamos a continuar navegando desde nuestra p\u00e1gina principal o utilizar el men\u00fa para encontrar la informaci\u00f3n que necesitas<\/p><\/div><\/div>\t\t\t\t<\/div>\n\t\t\t\t<\/div>\n\t\t\t\t<\/div>\n\t\t\t\t\t<\/div>\n\t\t\t\t<\/div>\n\t\t\t\t<\/div>\n\t\t","protected":false},"excerpt":{"rendered":"<p>OOPS! 404 ERROR Error&#32; 404&#32; Volver al inicio P\u00e1gina&#32; no&#32; encontrada&#32; Lo sentimos, la p\u00e1gina que est\u00e1s buscando no est\u00e1 disponible, ha sido movida o la direcci\u00f3n introducida no es correcta. Te invitamos a continuar navegando desde nuestra p\u00e1gina principal&#8230;<\/p>\n","protected":false},"author":1,"featured_media":0,"parent":0,"menu_order":0,"comment_status":"closed","ping_status":"closed","template":"","meta":{"footnotes":""},"class_list":["post-658882","page","type-page","status-publish","hentry"],"yoast_head":"<!-- This site is optimized with the Yoast SEO plugin v27.5 - https:\/\/yoast.com\/product\/yoast-seo-wordpress\/ -->\n<title>Pagina no disponible - Aut\u00f3nomos Baleares<\/title>\n<meta name=\"description\" content=\"Lo sentimos, la p\u00e1gina que est\u00e1s buscando no est\u00e1 disponible, ha sido movida o la direcci\u00f3n introducida no es correcta.\" \/>\n<meta name=\"robots\" content=\"index, follow, max-snippet:-1, max-image-preview:large, max-video-preview:-1\" \/>\n<link rel=\"canonical\" href=\"https:\/\/autonoms-balears.com\/es\/404-2\/\" \/>\n<meta property=\"og:locale\" content=\"es_ES\" \/>\n<meta property=\"og:type\" content=\"article\" \/>\n<meta property=\"og:title\" content=\"Pagina no disponible - Aut\u00f3nomos Baleares\" \/>\n<meta property=\"og:description\" content=\"Lo sentimos, la p\u00e1gina que est\u00e1s buscando no est\u00e1 disponible, ha sido movida o la direcci\u00f3n introducida no es correcta.\" \/>\n<meta property=\"og:url\" content=\"https:\/\/autonoms-balears.com\/es\/404-2\/\" \/>\n<meta property=\"og:site_name\" content=\"Aut\u00f3nomos Baleares\" \/>\n<meta property=\"article:modified_time\" content=\"2026-04-17T08:37:50+00:00\" \/>\n<meta name=\"twitter:card\" content=\"summary_large_image\" \/>\n<meta name=\"twitter:label1\" content=\"Tiempo de lectura\" \/>\n\t<meta name=\"twitter:data1\" content=\"1 minuto\" \/>\n<script type=\"application\/ld+json\" class=\"yoast-schema-graph\">{\"@context\":\"https:\\\/\\\/schema.org\",\"@graph\":[{\"@type\":\"WebPage\",\"@id\":\"https:\\\/\\\/autonoms-balears.com\\\/es\\\/404-2\\\/\",\"url\":\"https:\\\/\\\/autonoms-balears.com\\\/es\\\/404-2\\\/\",\"name\":\"Pagina no disponible - Aut\u00f3nomos Baleares\",\"isPartOf\":{\"@id\":\"https:\\\/\\\/autonoms-balears.com\\\/es\\\/#website\"},\"datePublished\":\"2025-09-22T00:43:02+00:00\",\"dateModified\":\"2026-04-17T08:37:50+00:00\",\"description\":\"Lo sentimos, la p\u00e1gina que est\u00e1s buscando no est\u00e1 disponible, ha sido movida o la direcci\u00f3n introducida no es correcta.\",\"breadcrumb\":{\"@id\":\"https:\\\/\\\/autonoms-balears.com\\\/es\\\/404-2\\\/#breadcrumb\"},\"inLanguage\":\"es\",\"potentialAction\":[{\"@type\":\"ReadAction\",\"target\":[\"https:\\\/\\\/autonoms-balears.com\\\/es\\\/404-2\\\/\"]}]},{\"@type\":\"BreadcrumbList\",\"@id\":\"https:\\\/\\\/autonoms-balears.com\\\/es\\\/404-2\\\/#breadcrumb\",\"itemListElement\":[{\"@type\":\"ListItem\",\"position\":1,\"name\":\"Portada\",\"item\":\"https:\\\/\\\/autonoms-balears.com\\\/es\\\/\"},{\"@type\":\"ListItem\",\"position\":2,\"name\":\"404 Page\"}]},{\"@type\":\"WebSite\",\"@id\":\"https:\\\/\\\/autonoms-balears.com\\\/es\\\/#website\",\"url\":\"https:\\\/\\\/autonoms-balears.com\\\/es\\\/\",\"name\":\"Aut\u00f3nomos Baleares\",\"description\":\"\",\"publisher\":{\"@id\":\"https:\\\/\\\/autonoms-balears.com\\\/es\\\/#organization\"},\"potentialAction\":[{\"@type\":\"SearchAction\",\"target\":{\"@type\":\"EntryPoint\",\"urlTemplate\":\"https:\\\/\\\/autonoms-balears.com\\\/es\\\/?s={search_term_string}\"},\"query-input\":{\"@type\":\"PropertyValueSpecification\",\"valueRequired\":true,\"valueName\":\"search_term_string\"}}],\"inLanguage\":\"es\"},{\"@type\":\"Organization\",\"@id\":\"https:\\\/\\\/autonoms-balears.com\\\/es\\\/#organization\",\"name\":\"Aut\u00f3nomos Baleares\",\"url\":\"https:\\\/\\\/autonoms-balears.com\\\/es\\\/\",\"logo\":{\"@type\":\"ImageObject\",\"inLanguage\":\"es\",\"@id\":\"https:\\\/\\\/autonoms-balears.com\\\/es\\\/#\\\/schema\\\/logo\\\/image\\\/\",\"url\":\"https:\\\/\\\/autonoms-balears.com\\\/wp-content\\\/uploads\\\/2026\\\/04\\\/logotipo-conselleria-empresa-autonomos-baleares.png\",\"contentUrl\":\"https:\\\/\\\/autonoms-balears.com\\\/wp-content\\\/uploads\\\/2026\\\/04\\\/logotipo-conselleria-empresa-autonomos-baleares.png\",\"width\":443,\"height\":196,\"caption\":\"Aut\u00f3nomos Baleares\"},\"image\":{\"@id\":\"https:\\\/\\\/autonoms-balears.com\\\/es\\\/#\\\/schema\\\/logo\\\/image\\\/\"}}]}<\/script>\n<!-- \/ Yoast SEO plugin. -->","yoast_head_json":{"title":"Pagina no disponible - Aut\u00f3nomos Baleares","description":"Lo sentimos, la p\u00e1gina que est\u00e1s buscando no est\u00e1 disponible, ha sido movida o la direcci\u00f3n introducida no es correcta.","robots":{"index":"index","follow":"follow","max-snippet":"max-snippet:-1","max-image-preview":"max-image-preview:large","max-video-preview":"max-video-preview:-1"},"canonical":"https:\/\/autonoms-balears.com\/es\/404-2\/","og_locale":"es_ES","og_type":"article","og_title":"Pagina no disponible - Aut\u00f3nomos Baleares","og_description":"Lo sentimos, la p\u00e1gina que est\u00e1s buscando no est\u00e1 disponible, ha sido movida o la direcci\u00f3n introducida no es correcta.","og_url":"https:\/\/autonoms-balears.com\/es\/404-2\/","og_site_name":"Aut\u00f3nomos Baleares","article_modified_time":"2026-04-17T08:37:50+00:00","twitter_card":"summary_large_image","twitter_misc":{"Tiempo de lectura":"1 minuto"},"schema":{"@context":"https:\/\/schema.org","@graph":[{"@type":"WebPage","@id":"https:\/\/autonoms-balears.com\/es\/404-2\/","url":"https:\/\/autonoms-balears.com\/es\/404-2\/","name":"Pagina no disponible - Aut\u00f3nomos Baleares","isPartOf":{"@id":"https:\/\/autonoms-balears.com\/es\/#website"},"datePublished":"2025-09-22T00:43:02+00:00","dateModified":"2026-04-17T08:37:50+00:00","description":"Lo sentimos, la p\u00e1gina que est\u00e1s buscando no est\u00e1 disponible, ha sido movida o la direcci\u00f3n introducida no es correcta.","breadcrumb":{"@id":"https:\/\/autonoms-balears.com\/es\/404-2\/#breadcrumb"},"inLanguage":"es","potentialAction":[{"@type":"ReadAction","target":["https:\/\/autonoms-balears.com\/es\/404-2\/"]}]},{"@type":"BreadcrumbList","@id":"https:\/\/autonoms-balears.com\/es\/404-2\/#breadcrumb","itemListElement":[{"@type":"ListItem","position":1,"name":"Portada","item":"https:\/\/autonoms-balears.com\/es\/"},{"@type":"ListItem","position":2,"name":"404 Page"}]},{"@type":"WebSite","@id":"https:\/\/autonoms-balears.com\/es\/#website","url":"https:\/\/autonoms-balears.com\/es\/","name":"Aut\u00f3nomos Baleares","description":"","publisher":{"@id":"https:\/\/autonoms-balears.com\/es\/#organization"},"potentialAction":[{"@type":"SearchAction","target":{"@type":"EntryPoint","urlTemplate":"https:\/\/autonoms-balears.com\/es\/?s={search_term_string}"},"query-input":{"@type":"PropertyValueSpecification","valueRequired":true,"valueName":"search_term_string"}}],"inLanguage":"es"},{"@type":"Organization","@id":"https:\/\/autonoms-balears.com\/es\/#organization","name":"Aut\u00f3nomos Baleares","url":"https:\/\/autonoms-balears.com\/es\/","logo":{"@type":"ImageObject","inLanguage":"es","@id":"https:\/\/autonoms-balears.com\/es\/#\/schema\/logo\/image\/","url":"https:\/\/autonoms-balears.com\/wp-content\/uploads\/2026\/04\/logotipo-conselleria-empresa-autonomos-baleares.png","contentUrl":"https:\/\/autonoms-balears.com\/wp-content\/uploads\/2026\/04\/logotipo-conselleria-empresa-autonomos-baleares.png","width":443,"height":196,"caption":"Aut\u00f3nomos Baleares"},"image":{"@id":"https:\/\/autonoms-balears.com\/es\/#\/schema\/logo\/image\/"}}]}},"_links":{"self":[{"href":"https:\/\/autonoms-balears.com\/es\/wp-json\/wp\/v2\/pages\/658882","targetHints":{"allow":["GET"]}}],"collection":[{"href":"https:\/\/autonoms-balears.com\/es\/wp-json\/wp\/v2\/pages"}],"about":[{"href":"https:\/\/autonoms-balears.com\/es\/wp-json\/wp\/v2\/types\/page"}],"author":[{"embeddable":true,"href":"https:\/\/autonoms-balears.com\/es\/wp-json\/wp\/v2\/users\/1"}],"replies":[{"embeddable":true,"href":"https:\/\/autonoms-balears.com\/es\/wp-json\/wp\/v2\/comments?post=658882"}],"version-history":[{"count":7,"href":"https:\/\/autonoms-balears.com\/es\/wp-json\/wp\/v2\/pages\/658882\/revisions"}],"predecessor-version":[{"id":660312,"href":"https:\/\/autonoms-balears.com\/es\/wp-json\/wp\/v2\/pages\/658882\/revisions\/660312"}],"wp:attachment":[{"href":"https:\/\/autonoms-balears.com\/es\/wp-json\/wp\/v2\/media?parent=658882"}],"curies":[{"name":"wp","href":"https:\/\/api.w.org\/{rel}","templated":true}]}}